{"id":9,"date":"2023-09-19T07:09:43","date_gmt":"2023-09-19T07:09:43","guid":{"rendered":"http:\/\/localhost:8081\/nutrico2\/?page_id=9"},"modified":"2024-09-23T11:02:22","modified_gmt":"2024-09-23T15:02:22","slug":"service","status":"publish","type":"page","link":"https:\/\/canadelices.com\/en\/service\/","title":{"rendered":"Service"},"content":{"rendered":"<div data-elementor-type=\"wp-page\" data-elementor-id=\"9\" class=\"elementor elementor-9\">\n\t\t\t\t\t\t<section class=\"elementor-section elementor-top-section elementor-element elementor-element-6b81278 elementor-section-stretched tm-bgcolor-white tm-column-break-ipad-no tm-col-stretched-none elementor-section-boxed elementor-section-height-default elementor-section-height-default\" data-id=\"6b81278\" data-element_type=\"section\" data-e-type=\"section\" data-settings=\"{&quot;stretch_section&quot;:&quot;section-stretched&quot;}\">\n\t\t\t\t\t\t<div class=\"elementor-container elementor-column-gap-no\">\n\t\t\t\t\t<div class=\"elementor-column elementor-col-100 elementor-top-column elementor-element elementor-element-897a521\" data-id=\"897a521\" data-element_type=\"column\" data-e-type=\"column\">\n\t\t\t<div class=\"elementor-widget-wrap\">\n\t\t\t\t\t\t\t<\/div>\n\t\t<\/div>\n\t\t\t\t\t<\/div>\n\t\t<\/section>\n\t\t\t\t<section class=\"elementor-section elementor-top-section elementor-element elementor-element-0090d4b tm-column-break-ipad-yes elementor-section-stretched tm-col-stretched-none elementor-section-boxed elementor-section-height-default elementor-section-height-default\" data-id=\"0090d4b\" data-element_type=\"section\" data-e-type=\"section\" data-settings=\"{&quot;stretch_section&quot;:&quot;section-stretched&quot;}\">\n\t\t\t\t\t\t<div class=\"elementor-container elementor-column-gap-default\">\n\t\t\t\t\t<div class=\"elementor-column elementor-col-50 elementor-top-column elementor-element elementor-element-07eb7f0\" data-id=\"07eb7f0\" data-element_type=\"column\" data-e-type=\"column\">\n\t\t\t<div class=\"elementor-widget-wrap elementor-element-populated\">\n\t\t\t\t\t\t<div class=\"elementor-element elementor-element-198bb48 tm-heading-subheading-res elementor-widget elementor-widget-tm_heading\" data-id=\"198bb48\" data-element_type=\"widget\" data-e-type=\"widget\" data-widget_type=\"tm_heading.default\">\n\t\t\t\t<div class=\"elementor-widget-container\">\n\t\t\t\t\t<div class=\"tm-element-heading-content-wrapper -align tm-reverse-heading-yes tm-seperator-solid  tm-heading-style-horizontal\"><div class=\"tm-content-header\"><h2 class=\"tm-element-content-heading tm-custom-heading\">\n\t\t\t\tNos Partenaires <br> de confiance<br>\n\n\t\t\t<\/h2>\n\t\t<div class=\"heading-seperator\"><span><\/span><\/div><\/div><\/div>\t\t\t\t<\/div>\n\t\t\t\t<\/div>\n\t\t\t\t<div class=\"elementor-element elementor-element-0711b1e elementor-widget elementor-widget-text-editor\" data-id=\"0711b1e\" data-element_type=\"widget\" data-e-type=\"widget\" data-widget_type=\"text-editor.default\">\n\t\t\t\t<div class=\"elementor-widget-container\">\n\t\t\t\t\t\t\t\t\t<p><span style=\"color: #000000;\">The CANADELICES group is the umbrella of the Cana family which includes CanaPanela, CanaSkin, CanaMeat , CanaFrutas and CanaCheese.<\/span><\/p><div class=\"page\" title=\"Page 1\"><div class=\"section\"><div class=\"layoutArea\"><div class=\"column\"><p><span style=\"color: #000000;\">A true pioneer in food distribution, the Canad\u00e9lices group ensures that, through its sister entities, it offers you the best products in terms of taste, freshness, and quality.<\/span><\/p><\/div><\/div><\/div><\/div>\t\t\t\t\t\t\t\t<\/div>\n\t\t\t\t<\/div>\n\t\t\t\t<div class=\"elementor-element elementor-element-1dc5d90 gallery-spacing-custom elementor-widget elementor-widget-image-gallery\" data-id=\"1dc5d90\" data-element_type=\"widget\" data-e-type=\"widget\" data-widget_type=\"image-gallery.default\">\n\t\t\t\t<div class=\"elementor-widget-container\">\n\t\t\t\t\t\t\t<div class=\"elementor-image-gallery\">\n\t\t\t<div id='gallery-1' class='gallery galleryid-9 gallery-columns-1 gallery-size-full'><figure class='gallery-item'>\n\t\t\t<div class='gallery-icon landscape'>\n\t\t\t\t<a data-elementor-open-lightbox=\"yes\" data-elementor-lightbox-slideshow=\"1dc5d90\" data-elementor-lightbox-title=\"Capture d\u2019e\u0301cran, le 2024-07-11 a\u0300 18.08.55\" data-e-action-hash=\"#elementor-action%3Aaction%3Dlightbox%26settings%3DeyJpZCI6NDQ1NiwidXJsIjoiaHR0cHM6XC9cL2NhbmFkZWxpY2VzLmNvbVwvd3AtY29udGVudFwvdXBsb2Fkc1wvMjAyNFwvMDdcL0NhcHR1cmUtZGVjcmFuLWxlLTIwMjQtMDctMTEtYS0xOC4wOC41NS5wbmciLCJzbGlkZXNob3ciOiIxZGM1ZDkwIn0%3D\" href='https:\/\/canadelices.com\/wp-content\/uploads\/2024\/07\/Capture-decran-le-2024-07-11-a-18.08.55.png'><img fetchpriority=\"high\" decoding=\"async\" width=\"2148\" height=\"988\" src=\"https:\/\/canadelices.com\/wp-content\/uploads\/2024\/07\/Capture-decran-le-2024-07-11-a-18.08.55.png\" class=\"attachment-full size-full\" alt=\"\" srcset=\"https:\/\/canadelices.com\/wp-content\/uploads\/2024\/07\/Capture-decran-le-2024-07-11-a-18.08.55.png 2148w, https:\/\/canadelices.com\/wp-content\/uploads\/2024\/07\/Capture-decran-le-2024-07-11-a-18.08.55-300x138.png 300w, https:\/\/canadelices.com\/wp-content\/uploads\/2024\/07\/Capture-decran-le-2024-07-11-a-18.08.55-1024x471.png 1024w, https:\/\/canadelices.com\/wp-content\/uploads\/2024\/07\/Capture-decran-le-2024-07-11-a-18.08.55-768x353.png 768w, https:\/\/canadelices.com\/wp-content\/uploads\/2024\/07\/Capture-decran-le-2024-07-11-a-18.08.55-1536x707.png 1536w, https:\/\/canadelices.com\/wp-content\/uploads\/2024\/07\/Capture-decran-le-2024-07-11-a-18.08.55-2048x942.png 2048w\" sizes=\"(max-width: 2148px) 100vw, 2148px\" data-id=\"4456\" \/><\/a>\n\t\t\t<\/div><\/figure>\n\t\t<\/div>\n\t\t<\/div>\n\t\t\t\t\t\t<\/div>\n\t\t\t\t<\/div>\n\t\t\t\t\t<\/div>\n\t\t<\/div>\n\t\t\t\t<div class=\"elementor-column elementor-col-50 elementor-top-column elementor-element elementor-element-6a6a5df\" data-id=\"6a6a5df\" data-element_type=\"column\" data-e-type=\"column\">\n\t\t\t<div class=\"elementor-widget-wrap elementor-element-populated\">\n\t\t\t\t\t\t<div class=\"elementor-element elementor-element-551e4bd gallery-spacing-custom elementor-widget elementor-widget-image-gallery\" data-id=\"551e4bd\" data-element_type=\"widget\" data-e-type=\"widget\" data-widget_type=\"image-gallery.default\">\n\t\t\t\t<div class=\"elementor-widget-container\">\n\t\t\t\t\t\t\t<div class=\"elementor-image-gallery\">\n\t\t\t<div id='gallery-2' class='gallery galleryid-9 gallery-columns-1 gallery-size-full'><figure class='gallery-item'>\n\t\t\t<div class='gallery-icon landscape'>\n\t\t\t\t<a data-elementor-open-lightbox=\"yes\" data-elementor-lightbox-slideshow=\"551e4bd\" data-elementor-lightbox-title=\"Capture d\u2019e\u0301cran, le 2024-07-11 a\u0300 18.09.47\" data-e-action-hash=\"#elementor-action%3Aaction%3Dlightbox%26settings%3DeyJpZCI6NDQ1NCwidXJsIjoiaHR0cHM6XC9cL2NhbmFkZWxpY2VzLmNvbVwvd3AtY29udGVudFwvdXBsb2Fkc1wvMjAyNFwvMDdcL0NhcHR1cmUtZGVjcmFuLWxlLTIwMjQtMDctMTEtYS0xOC4wOS40Ny5wbmciLCJzbGlkZXNob3ciOiI1NTFlNGJkIn0%3D\" href='https:\/\/canadelices.com\/wp-content\/uploads\/2024\/07\/Capture-decran-le-2024-07-11-a-18.09.47.png'><img decoding=\"async\" width=\"2462\" height=\"1286\" src=\"https:\/\/canadelices.com\/wp-content\/uploads\/2024\/07\/Capture-decran-le-2024-07-11-a-18.09.47.png\" class=\"attachment-full size-full\" alt=\"\" srcset=\"https:\/\/canadelices.com\/wp-content\/uploads\/2024\/07\/Capture-decran-le-2024-07-11-a-18.09.47.png 2462w, https:\/\/canadelices.com\/wp-content\/uploads\/2024\/07\/Capture-decran-le-2024-07-11-a-18.09.47-300x157.png 300w, https:\/\/canadelices.com\/wp-content\/uploads\/2024\/07\/Capture-decran-le-2024-07-11-a-18.09.47-1024x535.png 1024w, https:\/\/canadelices.com\/wp-content\/uploads\/2024\/07\/Capture-decran-le-2024-07-11-a-18.09.47-768x401.png 768w, https:\/\/canadelices.com\/wp-content\/uploads\/2024\/07\/Capture-decran-le-2024-07-11-a-18.09.47-1536x802.png 1536w, https:\/\/canadelices.com\/wp-content\/uploads\/2024\/07\/Capture-decran-le-2024-07-11-a-18.09.47-2048x1070.png 2048w\" sizes=\"(max-width: 2462px) 100vw, 2462px\" data-id=\"4454\" \/><\/a>\n\t\t\t<\/div><\/figure>\n\t\t<\/div>\n\t\t<\/div>\n\t\t\t\t\t\t<\/div>\n\t\t\t\t<\/div>\n\t\t\t\t<div class=\"elementor-element elementor-element-edd529a gallery-spacing-custom elementor-widget elementor-widget-image-gallery\" data-id=\"edd529a\" data-element_type=\"widget\" data-e-type=\"widget\" data-widget_type=\"image-gallery.default\">\n\t\t\t\t<div class=\"elementor-widget-container\">\n\t\t\t\t\t\t\t<div class=\"elementor-image-gallery\">\n\t\t\t<div id='gallery-3' class='gallery galleryid-9 gallery-columns-1 gallery-size-full'><figure class='gallery-item'>\n\t\t\t<div class='gallery-icon landscape'>\n\t\t\t\t<a data-elementor-open-lightbox=\"yes\" data-elementor-lightbox-slideshow=\"edd529a\" data-elementor-lightbox-title=\"Capture d\u2019e\u0301cran, le 2024-07-11 a\u0300 18.09.15\" data-e-action-hash=\"#elementor-action%3Aaction%3Dlightbox%26settings%3DeyJpZCI6NDQ1NSwidXJsIjoiaHR0cHM6XC9cL2NhbmFkZWxpY2VzLmNvbVwvd3AtY29udGVudFwvdXBsb2Fkc1wvMjAyNFwvMDdcL0NhcHR1cmUtZGVjcmFuLWxlLTIwMjQtMDctMTEtYS0xOC4wOS4xNS5wbmciLCJzbGlkZXNob3ciOiJlZGQ1MjlhIn0%3D\" href='https:\/\/canadelices.com\/wp-content\/uploads\/2024\/07\/Capture-decran-le-2024-07-11-a-18.09.15.png'><img decoding=\"async\" width=\"2828\" height=\"1288\" src=\"https:\/\/canadelices.com\/wp-content\/uploads\/2024\/07\/Capture-decran-le-2024-07-11-a-18.09.15.png\" class=\"attachment-full size-full\" alt=\"\" srcset=\"https:\/\/canadelices.com\/wp-content\/uploads\/2024\/07\/Capture-decran-le-2024-07-11-a-18.09.15.png 2828w, https:\/\/canadelices.com\/wp-content\/uploads\/2024\/07\/Capture-decran-le-2024-07-11-a-18.09.15-300x137.png 300w, https:\/\/canadelices.com\/wp-content\/uploads\/2024\/07\/Capture-decran-le-2024-07-11-a-18.09.15-1024x466.png 1024w, https:\/\/canadelices.com\/wp-content\/uploads\/2024\/07\/Capture-decran-le-2024-07-11-a-18.09.15-768x350.png 768w, https:\/\/canadelices.com\/wp-content\/uploads\/2024\/07\/Capture-decran-le-2024-07-11-a-18.09.15-1536x700.png 1536w, https:\/\/canadelices.com\/wp-content\/uploads\/2024\/07\/Capture-decran-le-2024-07-11-a-18.09.15-2048x933.png 2048w\" sizes=\"(max-width: 2828px) 100vw, 2828px\" data-id=\"4455\" \/><\/a>\n\t\t\t<\/div><\/figure>\n\t\t<\/div>\n\t\t<\/div>\n\t\t\t\t\t\t<\/div>\n\t\t\t\t<\/div>\n\t\t\t\t\t<\/div>\n\t\t<\/div>\n\t\t\t\t\t<\/div>\n\t\t<\/section>\n\t\t<div class=\"elementor-element elementor-element-eb8b5eb e-flex e-con-boxed e-con e-parent\" data-id=\"eb8b5eb\" data-element_type=\"container\" data-e-type=\"container\">\n\t\t\t\t\t<div class=\"e-con-inner\">\n\t\t\t\t<div class=\"elementor-element elementor-element-6e35d9b tm-align-left elementor-widget elementor-widget-tm_heading\" data-id=\"6e35d9b\" data-element_type=\"widget\" data-e-type=\"widget\" data-widget_type=\"tm_heading.default\">\n\t\t\t\t<div class=\"elementor-widget-container\">\n\t\t\t\t\t<div class=\"tm-element-heading-content-wrapper left-align  tm-seperator-solid tm-content-with-desc tm-heading-style-vertical\"><div class=\"tm-content-header\"><h2 class=\"tm-element-content-heading tm-custom-heading\">\n\t\t\t\tF.A.Q\n\t\t\t<\/h2>\n\t\t<h4 class=\"tm-element-subheading tm-custom-heading\">\n\t\t\t\tF.A.Q\n\t\t\t<\/h4>\n\t\t<div class=\"heading-seperator\"><span><\/span><\/div><\/div><div class=\"tm-element-content-desctxt\">If you have any further questions or require assistance, please do not hesitate to contact our customer service department. We're here to help!\n<\/div><\/div>\t\t\t\t<\/div>\n\t\t\t\t<\/div>\n\t\t\t\t\t<\/div>\n\t\t\t\t<\/div>\n\t\t<div class=\"elementor-element elementor-element-d8c6ad6 e-flex e-con-boxed e-con e-parent\" data-id=\"d8c6ad6\" data-element_type=\"container\" data-e-type=\"container\">\n\t\t\t\t\t<div class=\"e-con-inner\">\n\t\t\t\t<div class=\"elementor-element elementor-element-281c020 elementor-tabs-view-horizontal elementor-widget elementor-widget-tabs\" data-id=\"281c020\" data-element_type=\"widget\" data-e-type=\"widget\" data-widget_type=\"tabs.default\">\n\t\t\t\t<div class=\"elementor-widget-container\">\n\t\t\t\t\t\t\t<div class=\"elementor-tabs\">\n\t\t\t<div class=\"elementor-tabs-wrapper\" role=\"tablist\" >\n\t\t\t\t\t\t\t\t\t<div id=\"elementor-tab-title-4201\" class=\"elementor-tab-title elementor-tab-desktop-title\" aria-selected=\"true\" data-tab=\"1\" role=\"tab\" tabindex=\"0\" aria-controls=\"elementor-tab-content-4201\" aria-expanded=\"false\">1. What are the ordering procedures?<\/div>\n\t\t\t\t\t\t\t\t\t<div id=\"elementor-tab-title-4202\" class=\"elementor-tab-title elementor-tab-desktop-title\" aria-selected=\"false\" data-tab=\"2\" role=\"tab\" tabindex=\"-1\" aria-controls=\"elementor-tab-content-4202\" aria-expanded=\"false\">2. What are the delivery details and return conditions?<\/div>\n\t\t\t\t\t\t\t\t\t<div id=\"elementor-tab-title-4203\" class=\"elementor-tab-title elementor-tab-desktop-title\" aria-selected=\"false\" data-tab=\"3\" role=\"tab\" tabindex=\"-1\" aria-controls=\"elementor-tab-content-4203\" aria-expanded=\"false\">3. What are the payment details?<\/div>\n\t\t\t\t\t\t\t<\/div>\n\t\t\t<div class=\"elementor-tabs-content-wrapper\" role=\"tablist\" aria-orientation=\"vertical\">\n\t\t\t\t\t\t\t\t\t<div class=\"elementor-tab-title elementor-tab-mobile-title\" aria-selected=\"true\" data-tab=\"1\" role=\"tab\" tabindex=\"0\" aria-controls=\"elementor-tab-content-4201\" aria-expanded=\"false\">1. What are the ordering procedures?<\/div>\n\t\t\t\t\t<div id=\"elementor-tab-content-4201\" class=\"elementor-tab-content elementor-clearfix\" data-tab=\"1\" role=\"tabpanel\" aria-labelledby=\"elementor-tab-title-4201\" tabindex=\"0\" hidden=\"false\"><p class=\"s33 translation-block\"><strong><span style=\"color: #000000\">Ordering from CANAD\u00c9LICES is quick and easy. Here are the steps to follow:<\/span><\/strong><\/p><div class=\"s35 translation-block\"><span style=\"color: #000000\">\u2022 Product selection: Browse our online catalog and add your favorite products to the shopping cart.<\/span><\/div><div class=\"s35 translation-block\"><span style=\"color: #000000\">\u2022 Shopping cart validation: Once you've selected your products, access your shopping cart to check items and quantities.\n  <\/span><\/div><div class=\"s35 translation-block\"><span style=\"color: #000000\">\u2022 Delivery information: Enter your contact details and delivery address.\n  <\/span><\/div><div class=\"s35 translation-block\"><span style=\"color: #000000\">\u2022 Payment method: Choose your preferred payment method from the available options.\n <\/span><\/div><div class=\"s35 translation-block\"><span style=\"color: #000000\">\u2022 Order confirmation: After payment, you'll receive a confirmation email with your order details and tracking number.<\/span><\/div><\/div>\n\t\t\t\t\t\t\t\t\t<div class=\"elementor-tab-title elementor-tab-mobile-title\" aria-selected=\"false\" data-tab=\"2\" role=\"tab\" tabindex=\"-1\" aria-controls=\"elementor-tab-content-4202\" aria-expanded=\"false\">2. What are the delivery details and return conditions?<\/div>\n\t\t\t\t\t<div id=\"elementor-tab-content-4202\" class=\"elementor-tab-content elementor-clearfix\" data-tab=\"2\" role=\"tabpanel\" aria-labelledby=\"elementor-tab-title-4202\" tabindex=\"0\" hidden=\"hidden\"><div class=\"s35\"><p class=\"s33\"><span style=\"color: #000000;\"><strong><span class=\"s34\">Delivery Details :<\/span><\/strong><\/span><\/p><span style=\"color: #000000;\"><span class=\"s22\">\u2022 <\/span><span class=\"s34\">D\u00e9lais de livraison<\/span><span class=\"s31\"> : Nous exp\u00e9dions g\u00e9n\u00e9ralement les commandes sous 1 \u00e0 3 jours ouvrables. Les d\u00e9lais de livraison <\/span><span class=\"s31\">varient en fonction de votre emplacement et du transporteur choisi.<\/span><\/span><\/div><div class=\"s35\"><span style=\"color: #000000;\"><span class=\"s22\">\u2022 <\/span><span class=\"s34\">Options de livraison<\/span><span class=\"s31\"> : Nous offrons plusieurs options de livraison, y compris la livraison standard et express.<\/span><\/span><\/div><div class=\"s35\"><span style=\"color: #000000;\"><span class=\"s22\">\u2022 <\/span><span class=\"s34\">Suivi de commande<\/span><span class=\"s31\"> : Une fois votre commande exp\u00e9di\u00e9e, vous recevrez un num\u00e9ro de suivi pour suivre votre colis jusqu&rsquo;\u00e0 sa destination.<\/span><\/span><\/div><p class=\"s33\"><span class=\"s34\" style=\"color: #000000;\">Conditions de retour :<\/span><\/p><div class=\"s35\"><span style=\"color: #000000;\"><span class=\"s22\">\u2022 <\/span><span class=\"s34\">Politique de retour<\/span><span class=\"s31\"> : Si vous n&rsquo;\u00eates pas enti\u00e8rement satisfait de votre achat, vous pouvez retourner les produits non ouverts dans les 30 jours suivant la r\u00e9ception pour un remboursement complet.<\/span><\/span><\/div><div class=\"s35\"><span style=\"color: #000000;\"><span class=\"s22\">\u2022 <\/span><span class=\"s34\">Processus de retour<\/span><span class=\"s31\"> : Contactez notre service client pour initier un retour. Nous vous fournirons une \u00e9tiquette de retour et les instructions n\u00e9cessaires.<\/span><\/span><\/div><div class=\"s35\"><span style=\"color: #000000;\"><span class=\"s22\">\u2022 <\/span><span class=\"s34\">Frais de retour<\/span><span class=\"s31\"> : Les frais de retour sont \u00e0 la charge du client, sauf en cas de produit d\u00e9fectueux ou d&rsquo;erreur de commande de notre part.<\/span><\/span><\/div><\/div>\n\t\t\t\t\t\t\t\t\t<div class=\"elementor-tab-title elementor-tab-mobile-title\" aria-selected=\"false\" data-tab=\"3\" role=\"tab\" tabindex=\"-1\" aria-controls=\"elementor-tab-content-4203\" aria-expanded=\"false\">3. What are the payment details?<\/div>\n\t\t\t\t\t<div id=\"elementor-tab-content-4203\" class=\"elementor-tab-content elementor-clearfix\" data-tab=\"3\" role=\"tabpanel\" aria-labelledby=\"elementor-tab-title-4203\" tabindex=\"0\" hidden=\"hidden\"><div class=\"s35\"><p class=\"s33\"><strong><span class=\"s34\" style=\"color: #000000;\">Modes de paiement accept\u00e9s :<\/span><\/strong><\/p><div class=\"s35\"><span style=\"color: #000000;\"><span class=\"s22\">\u2022 <\/span><span class=\"s34\">Cartes de cr\u00e9dit\/d\u00e9bit<\/span><span class=\"s31\"> : Nous acceptons les principales cartes de cr\u00e9dit et de d\u00e9bit, y compris Visa, MasterCard et American Express.<\/span><\/span><\/div><div class=\"s35\"><span style=\"color: #000000;\"><span class=\"s22\">\u2022 <\/span><span class=\"s34\">Paiements en ligne s\u00e9curis\u00e9s<\/span><span class=\"s31\"> : Tous les paiements sont trait\u00e9s via notre plateforme s\u00e9curis\u00e9e pour garantir la confidentialit\u00e9 de vos informations financi\u00e8res.<\/span><\/span><\/div><div class=\"s35\"><span style=\"color: #000000;\"><span class=\"s22\">\u2022 <\/span><span class=\"s34\">Options de paiement alternatives<\/span><span class=\"s31\"> : Nous acceptons \u00e9galement les paiements via PayPal et autres services de paiement en ligne.<\/span><\/span><\/div><p class=\"s33\"><span class=\"s34\" style=\"color: #000000;\">S\u00e9curit\u00e9 des paiements :<\/span><\/p><div class=\"s35\"><span style=\"color: #000000;\"><span class=\"s22\">\u2022 <\/span><span class=\"s34\">Protection des donn\u00e9es<\/span><span class=\"s31\"> : Nous utilisons des protocoles de s\u00e9curit\u00e9 avanc\u00e9s pour prot\u00e9ger vos informations personnelles et financi\u00e8res.<\/span><\/span><\/div><div class=\"s35\"><span style=\"color: #000000;\"><span class=\"s22\">\u2022 <\/span><span class=\"s34\">Facturation transparente<\/span><span class=\"s31\"> : Aucun frais cach\u00e9, tous les co\u00fbts sont clairement indiqu\u00e9s lors de la validation de la commande.<\/span><\/span><\/div><\/div><div class=\"s35\"><span style=\"color: #000000;\"><span class=\"s22\">\u2022 <\/span><span class=\"s34\">Options de livraison<\/span><span class=\"s31\"> : Nous offrons plusieurs options de livraison, y compris la livraison standard et express.<\/span><\/span><\/div><div class=\"s35\"><span style=\"color: #000000;\"><span class=\"s22\">\u2022 <\/span><span class=\"s34\">Suivi de commande<\/span><span class=\"s31\"> : Une fois votre commande exp\u00e9di\u00e9e, vous recevrez un num\u00e9ro de suivi pour suivre votre colis jusqu&rsquo;\u00e0 sa destination.<\/span><\/span><\/div><p class=\"s33\"><span class=\"s34\" style=\"color: #000000;\">Conditions de retour :<\/span><\/p><div class=\"s35\"><span style=\"color: #000000;\"><span class=\"s22\">\u2022 <\/span><span class=\"s34\">Politique de retour<\/span><span class=\"s31\"> : Si vous n&rsquo;\u00eates pas enti\u00e8rement satisfait de votre achat, vous pouvez retourner les produits non ouverts dans les 30 jours suivant la r\u00e9ception pour un remboursement complet.<\/span><\/span><\/div><div class=\"s35\"><span style=\"color: #000000;\"><span class=\"s22\">\u2022 <\/span><span class=\"s34\">Processus de retour<\/span><span class=\"s31\"> : Contactez notre service client pour initier un retour. Nous vous fournirons une \u00e9tiquette de retour et les instructions n\u00e9cessaires.<\/span><\/span><\/div><div class=\"s35\"><span style=\"color: #000000;\"><span class=\"s22\">\u2022 <\/span><span class=\"s34\">Frais de retour<\/span><span class=\"s31\"> : Les frais de retour sont \u00e0 la charge du client, sauf en cas de produit d\u00e9fectueux ou d&rsquo;erreur de commande de notre part.<\/span><\/span><\/div><\/div>\n\t\t\t\t\t\t\t<\/div>\n\t\t<\/div>\n\t\t\t\t\t\t<\/div>\n\t\t\t\t<\/div>\n\t\t\t\t\t<\/div>\n\t\t\t\t<\/div>\n\t\t<div class=\"elementor-element elementor-element-b20f0ae e-flex e-con-boxed e-con e-parent\" data-id=\"b20f0ae\" data-element_type=\"container\" data-e-type=\"container\">\n\t\t\t\t\t<div class=\"e-con-inner\">\n\t\t\t\t<div class=\"elementor-element elementor-element-e670947 elementor-widget elementor-widget-spacer\" data-id=\"e670947\" data-element_type=\"widget\" data-e-type=\"widget\" data-widget_type=\"spacer.default\">\n\t\t\t\t<div class=\"elementor-widget-container\">\n\t\t\t\t\t\t\t<div class=\"elementor-spacer\">\n\t\t\t<div class=\"elementor-spacer-inner\"><\/div>\n\t\t<\/div>\n\t\t\t\t\t\t<\/div>\n\t\t\t\t<\/div>\n\t\t\t\t\t<\/div>\n\t\t\t\t<\/div>\n\t\t\t\t<\/div>","protected":false},"excerpt":{"rendered":"<p>Nos Partenaires de confiance Le groupe CANADELICES chapeaute la famille Cana qui inclut CanaPanela, CanaMeat, CanaFrutas et CanaCheese. Ve\u0301ritable pionnier de la distribution alimentaire, le groupe Canade\u0301lices s&rsquo;assure de vous &hellip; <a href=\"https:\/\/canadelices.com\/en\/service\/\" class=\"more-link\">Continue reading <span class=\"screen-reader-text\">Service<\/span><\/a><\/p>","protected":false},"author":1,"featured_media":0,"parent":0,"menu_order":0,"comment_status":"closed","ping_status":"closed","template":"","meta":{"footnotes":""},"class_list":["post-9","page","type-page","status-publish","hentry"],"_links":{"self":[{"href":"https:\/\/canadelices.com\/en\/wp-json\/wp\/v2\/pages\/9","targetHints":{"allow":["GET"]}}],"collection":[{"href":"https:\/\/canadelices.com\/en\/wp-json\/wp\/v2\/pages"}],"about":[{"href":"https:\/\/canadelices.com\/en\/wp-json\/wp\/v2\/types\/page"}],"author":[{"embeddable":true,"href":"https:\/\/canadelices.com\/en\/wp-json\/wp\/v2\/users\/1"}],"replies":[{"embeddable":true,"href":"https:\/\/canadelices.com\/en\/wp-json\/wp\/v2\/comments?post=9"}],"version-history":[{"count":40,"href":"https:\/\/canadelices.com\/en\/wp-json\/wp\/v2\/pages\/9\/revisions"}],"predecessor-version":[{"id":4912,"href":"https:\/\/canadelices.com\/en\/wp-json\/wp\/v2\/pages\/9\/revisions\/4912"}],"wp:attachment":[{"href":"https:\/\/canadelices.com\/en\/wp-json\/wp\/v2\/media?parent=9"}],"curies":[{"name":"wp","href":"https:\/\/api.w.org\/{rel}","templated":true}]}}